{"id":31,"date":"2025-08-26T06:00:41","date_gmt":"2025-08-26T06:00:41","guid":{"rendered":"http:\/\/projetvalcom.fr\/?page_id=31"},"modified":"2025-12-24T11:27:40","modified_gmt":"2025-12-24T11:27:40","slug":"les-doctorats","status":"publish","type":"page","link":"https:\/\/projetvalcom.fr\/index.php\/les-doctorats\/","title":{"rendered":"Les doctorats"},"content":{"rendered":"\t\t<div data-elementor-type=\"wp-page\" data-elementor-id=\"31\" class=\"elementor elementor-31\">\n\t\t\t\t<div class=\"elementor-element elementor-element-f3126d e-flex e-con-boxed e-con e-parent\" data-id=\"f3126d\" data-element_type=\"container\">\n\t\t\t\t\t<div class=\"e-con-inner\">\n\t\t\t\t<div class=\"elementor-element elementor-element-2918117d elementor-widget elementor-widget-text-editor\" data-id=\"2918117d\" data-element_type=\"widget\" data-widget_type=\"text-editor.default\">\n\t\t\t\t\t\t\t\t\t<p><em><strong>1\/L\u2019obligation collective. Etude sur la r\u00e9surgence et la notion de devoir pour les individus en soci\u00e9t\u00e9 de communs<\/strong><\/em>. Par <strong>Julia Ambrosio<\/strong>, doctorante en droit, sous la direction de Flora Vern (enseignante chercheuse, Univ. Glasgow) et Jean-Fran\u00e7ois Joye (professeur de droit public, Univ. Savoie Mont Blanc).<\/p><p><!-- \/wp:paragraph --><!-- wp:paragraph --><\/p><p>Mots-cl\u00e9s\u00a0: communs fonciers, droit d\u2019usage collectif, soci\u00e9t\u00e9 collaborative, responsabilisation, corv\u00e9es, prestations, particpation.<\/p><p><!-- \/wp:paragraph --><!-- wp:paragraph --><\/p><p><strong><em>2\/Les communs fonciers, un levier de coh\u00e9sion sociale et de m\u00e9nagement territorial<\/em>. <\/strong>Par<strong> Sarah Ludwig, <\/strong>doctorante en droit public (th\u00e8se CIFRE, Conseil d\u2019architecure, d\u2019urbanisme et d\u2019environnement \u2013 CAUE74), sous la direction de Jean-Fran\u00e7ois Joye (professeur de droit public, Univ. Savoie Mont Blanc) et Olivier Chavanon (sociologue, Univ. Savoie Mont Blanc).<\/p><p><!-- \/wp:paragraph --><!-- wp:paragraph --><\/p><p>Mots-cl\u00e9s : m\u00e9nagement, am\u00e9nagement, institutions, communs fonciers, droit d\u2019usage collectif, partenariat, soci\u00e9t\u00e9 collaborative, d\u00e9mocratie implicative, citoyennet\u00e9, responsabilisation, int\u00e9r\u00eat collectif, puissance publique<\/p><p><!-- \/wp:paragraph --><!-- wp:paragraph --><\/p><p><strong>3\/ <\/strong><em><strong>Des droits qui attachent aux lieux: les communs pastoraux de Xiberoa (Iparralde, Pays Basque). Pour une approche \u00e9cologique de la sociabilit\u00e9<\/strong><\/em>. Par <strong><a href=\"https:\/\/edpub.unil.ch\/interpub\/noauth\/php\/Un\/UnPers.php?PerNum=1277966&amp;LanCode=37\">Alys Cretier<\/a><\/strong>, doctorante en sciences de l\u2019environnement \u2013 anthropologie, sous la direction de Gretchen Walters, Institut de G\u00e9ographie et durabilit\u00e9, Universit\u00e9 de Lausanne (en lien avec Valcom)<\/p><p><strong>4\/<\/strong> <strong><em>R\u00e9gimes fonciers coloniaux et terres coutumi\u00e8res au Cameroun de la p\u00e9riode allemande \u00e0 nos jours<\/em><i>. <\/i><\/strong>Par Alain Timo Bila Lamou, doctorant en droit public, sous la direction de Jean-Fran\u00e7ois Joye et Alfred Ngando, Professeur d&rsquo;histoire du droit \u00e0 Yaound\u00e9 2 (en lien avec Valcom)<\/p><p>Mots cl\u00e9s :\u00a0 r\u00e9gime foncier, terres coutumi\u00e8res, droit coutumier, colonisation allemande, reformes fonci\u00e8res, conflits fonciers.<\/p><p><!-- \/wp:paragraph --><\/p>\t\t\t\t\t\t\t\t<\/div>\n\t\t\t\t\t<\/div>\n\t\t\t\t<\/div>\n\t\t\t\t<\/div>\n\t\t","protected":false},"excerpt":{"rendered":"<p>1\/L\u2019obligation collective. Etude sur la r\u00e9surgence et la notion de devoir pour les individus en soci\u00e9t\u00e9 de communs. Par Julia [&hellip;]<\/p>\n","protected":false},"author":1,"featured_media":0,"parent":0,"menu_order":0,"comment_status":"closed","ping_status":"closed","template":"","meta":{"site-sidebar-layout":"default","site-content-layout":"","ast-site-content-layout":"default","site-content-style":"default","site-sidebar-style":"default","ast-global-header-display":"","ast-banner-title-visibility":"","ast-main-header-display":"","ast-hfb-above-header-display":"","ast-hfb-below-header-display":"","ast-hfb-mobile-header-display":"","site-post-title":"","ast-breadcrumbs-content":"","ast-featured-img":"","footer-sml-layout":"","theme-transparent-header-meta":"","adv-header-id-meta":"","stick-header-meta":"","header-above-stick-meta":"","header-main-stick-meta":"","header-below-stick-meta":"","astra-migrate-meta-layouts":"default","ast-page-background-enabled":"default","ast-page-background-meta":{"desktop":{"background-color":"var(--ast-global-color-5)","background-image":"","background-repeat":"repeat","background-position":"center center","background-size":"auto","background-attachment":"scroll","background-type":"","background-media":"","overlay-type":"","overlay-color":"","overlay-opacity":"","overlay-gradient":""},"tablet":{"background-color":"","background-image":"","background-repeat":"repeat","background-position":"center center","background-size":"auto","background-attachment":"scroll","background-type":"","background-media":"","overlay-type":"","overlay-color":"","overlay-opacity":"","overlay-gradient":""},"mobile":{"background-color":"","background-image":"","background-repeat":"repeat","background-position":"center center","background-size":"auto","background-attachment":"scroll","background-type":"","background-media":"","overlay-type":"","overlay-color":"","overlay-opacity":"","overlay-gradient":""}},"ast-content-background-meta":{"desktop":{"background-color":"var(--ast-global-color-4)","background-image":"","background-repeat":"repeat","background-position":"center center","background-size":"auto","background-attachment":"scroll","background-type":"","background-media":"","overlay-type":"","overlay-color":"","overlay-opacity":"","overlay-gradient":""},"tablet":{"background-color":"var(--ast-global-color-4)","background-image":"","background-repeat":"repeat","background-position":"center center","background-size":"auto","background-attachment":"scroll","background-type":"","background-media":"","overlay-type":"","overlay-color":"","overlay-opacity":"","overlay-gradient":""},"mobile":{"background-color":"var(--ast-global-color-4)","background-image":"","background-repeat":"repeat","background-position":"center center","background-size":"auto","background-attachment":"scroll","background-type":"","background-media":"","overlay-type":"","overlay-color":"","overlay-opacity":"","overlay-gradient":""}},"footnotes":""},"class_list":["post-31","page","type-page","status-publish","hentry"],"_links":{"self":[{"href":"https:\/\/projetvalcom.fr\/index.php\/wp-json\/wp\/v2\/pages\/31","targetHints":{"allow":["GET"]}}],"collection":[{"href":"https:\/\/projetvalcom.fr\/index.php\/wp-json\/wp\/v2\/pages"}],"about":[{"href":"https:\/\/projetvalcom.fr\/index.php\/wp-json\/wp\/v2\/types\/page"}],"author":[{"embeddable":true,"href":"https:\/\/projetvalcom.fr\/index.php\/wp-json\/wp\/v2\/users\/1"}],"replies":[{"embeddable":true,"href":"https:\/\/projetvalcom.fr\/index.php\/wp-json\/wp\/v2\/comments?post=31"}],"version-history":[{"count":17,"href":"https:\/\/projetvalcom.fr\/index.php\/wp-json\/wp\/v2\/pages\/31\/revisions"}],"predecessor-version":[{"id":1273,"href":"https:\/\/projetvalcom.fr\/index.php\/wp-json\/wp\/v2\/pages\/31\/revisions\/1273"}],"wp:attachment":[{"href":"https:\/\/projetvalcom.fr\/index.php\/wp-json\/wp\/v2\/media?parent=31"}],"curies":[{"name":"wp","href":"https:\/\/api.w.org\/{rel}","templated":true}]}}